{"id":24182,"date":"2019-09-30T16:21:35","date_gmt":"2019-09-30T14:21:35","guid":{"rendered":"https:\/\/www.elbosquegolf.com\/?page_id=24182"},"modified":"2024-08-07T14:02:54","modified_gmt":"2024-08-07T12:02:54","slug":"noticias","status":"publish","type":"page","link":"https:\/\/www.elbosquegolf.com\/en\/noticias\/","title":{"rendered":"News"},"content":{"rendered":"<div class=\"wpb-content-wrapper\"><p>[vc_row full_width=&#8221;stretch_row&#8221; parallax_content=&#8221;off&#8221; fadeout_row=&#8221;off&#8221; enable_overlay=&#8221;enable_overlay_value&#8221; overlay_color=&#8221;rgba(12,13,13,0.6)&#8221; overlay_pattern=&#8221;transperant&#8221; overlay_pattern_opacity=&#8221;0&#8243; seperator_enable=&#8221;seperator_enable_value&#8221; seperator_type=&#8221;triangle_svg_seperator&#8221; seperator_position=&#8221;bottom_seperator&#8221; seperator_svg_height=&#8221;10&#8243; seperator_shape_background=&#8221;#ffffff&#8221; css=&#8221;.vc_custom_1723032147669{margin-bottom: 0px !important;padding-top: 160px !important;padding-bottom: 140px !important;background-color: #83132b !important;}&#8221;][vc_column]<h1 class=\"boc_heading no_text_transform center  \"  style=\"margin-bottom: 20px;margin-top: 0px;color: #83132b;font-size: 52px;\"><span>Noticias<\/span><\/h1>[\/vc_column][\/vc_row][vc_row bg_type=&#8221;bg_color&#8221; seperator_enable=&#8221;off&#8221;][vc_column]<div class=\"boc_spacing \" style=\"height: 70px\"><\/div><div id = \"post_grid_58a5dc490969803cee77fe053da2c4b8\" class=\"grid_holder animated_items\"><div class=\"col span_1_of_3 info_item isotope_element\">\n\t\t\t\t\t\t\t<div class=\"post_item_block boc_anim_hidden boc_bottom-to-top \"><div class=\"post_item_desc dark_links\"><div class=\"small_post_date_left\">\n\t\t\t\t\t\t\t\t\t\t\t\t<span class=\"small_day\">24<\/span>\n\t\t\t\t\t\t\t\t\t\t\t\t<span class=\"small_month\">Mar<\/span>\n\t\t\t\t\t\t\t\t\t\t\t<\/div><div class=\"small_post_desc_right\"><h4><a href=\"https:\/\/www.elbosquegolf.com\/en\/golf-en-valencia\/\">Golfing in Valencia: Climate, Accessibility and the Hidden Gem of El Bosque<\/a><\/h4><p>In recent years, Valencia has emerged as one of Europe\u2019s most attractive and fast-growing golf destinations. Combining a Mediterranean climate, <\/p><\/div>\t\t<\/div>\n\t\t\t\t<\/div>\n\t\t\t\t<\/div><div class=\"col span_1_of_3 info_item isotope_element\">\n\t\t\t\t\t\t\t<div class=\"post_item_block boc_anim_hidden boc_bottom-to-top \"><div class=\"post_item_desc dark_links\"><div class=\"small_post_date_left\">\n\t\t\t\t\t\t\t\t\t\t\t\t<span class=\"small_day\">26<\/span>\n\t\t\t\t\t\t\t\t\t\t\t\t<span class=\"small_month\">Jan<\/span>\n\t\t\t\t\t\t\t\t\t\t\t<\/div><div class=\"small_post_desc_right\"><h4><a href=\"https:\/\/www.elbosquegolf.com\/en\/rankings-2026\/\">RANKINGS 2026<\/a><\/h4><p>En los siguientes enlaces puedes consultar el estado del Ranking 2026 de los diferentes comit\u00e9s del club. Damas Infantil 18 hoyos Infantil 9 hoyos <\/p><\/div>\t\t<\/div>\n\t\t\t\t<\/div>\n\t\t\t\t<\/div><div class=\"col span_1_of_3 info_item isotope_element\">\n\t\t\t\t\t\t\t<div class=\"post_item_block boc_anim_hidden boc_bottom-to-top \"><div class=\"post_item_desc dark_links\"><div class=\"small_post_date_left\">\n\t\t\t\t\t\t\t\t\t\t\t\t<span class=\"small_day\">23<\/span>\n\t\t\t\t\t\t\t\t\t\t\t\t<span class=\"small_month\">Jan<\/span>\n\t\t\t\t\t\t\t\t\t\t\t<\/div><div class=\"small_post_desc_right\"><h4><a href=\"https:\/\/www.elbosquegolf.com\/en\/el-club-de-golf-el-bosque-ha-sido-beneficiario-de-la-ayuda-destinada-a-la-reactivacion-del-tejido-asociativo-y-comunitario-en-los-municipios-afectados-por-la-dana\/\">El Club de Golf El Bosque ha sido beneficiario de la ayuda destinada a la reactivaci\u00f3n del tejido asociativo y comunitario en los municipios afectados por la DANA<\/a><\/h4><p>La entidad Club de Golf El Bosque ha sido BENEFICIARIA de una ayuda por importe de 20.000 \u20ac, con la que se afrontado parte de los trabajos de <\/p><\/div>\t\t<\/div>\n\t\t\t\t<\/div>\n\t\t\t\t<\/div><div class=\"col span_1_of_3 info_item isotope_element\">\n\t\t\t\t\t\t\t<div class=\"post_item_block boc_anim_hidden boc_bottom-to-top \"><div class=\"post_item_desc dark_links\"><div class=\"small_post_date_left\">\n\t\t\t\t\t\t\t\t\t\t\t\t<span class=\"small_day\">7<\/span>\n\t\t\t\t\t\t\t\t\t\t\t\t<span class=\"small_month\">Oct<\/span>\n\t\t\t\t\t\t\t\t\t\t\t<\/div><div class=\"small_post_desc_right\"><h4><a href=\"https:\/\/www.elbosquegolf.com\/en\/el-club-de-golf-el-bosque-ha-sido-beneficiario-de-la-ayuda-ara-empreses-destinada-a-la-reconstruccion-de-los-danos-de-la-dana\/\">El Club de Golf El Bosque ha sido beneficiario de la ayuda ARA Empreses, concedida por el IVACE<\/a><\/h4><p>La entidad Club de Golf El Bosque ha sido BENEFICIARIA de una ayuda en el marco del Plan ARA EMPRESES 2025. Dicha ayuda fue regulada en el \u201cDECRETO <\/p><\/div>\t\t<\/div>\n\t\t\t\t<\/div>\n\t\t\t\t<\/div><div class=\"col span_1_of_3 info_item isotope_element\">\n\t\t\t\t\t\t\t<div class=\"post_item_block boc_anim_hidden boc_bottom-to-top \"><div class=\"pic  img_hover_effect2\"><a href=\"https:\/\/www.elbosquegolf.com\/en\/el-club-de-golf-el-bosque-alcanza-los-700-socios-un-nuevo-hito-en-su-historia\/\"><img decoding=\"async\" src=\"https:\/\/www.elbosquegolf.com\/wp-content\/uploads\/2025\/10\/POSTS-BLOG_IMAGENES-600x380.png\"\/><div class=\"img_overlay\"><span class=\"hover_icon icon_plus\"><\/span><\/div><\/a><\/div><div class=\"post_item_desc dark_links\"><div class=\"small_post_date_left\">\n\t\t\t\t\t\t\t\t\t\t\t\t<span class=\"small_day\">6<\/span>\n\t\t\t\t\t\t\t\t\t\t\t\t<span class=\"small_month\">Oct<\/span>\n\t\t\t\t\t\t\t\t\t\t\t<\/div><div class=\"small_post_desc_right\"><h4><a href=\"https:\/\/www.elbosquegolf.com\/en\/el-club-de-golf-el-bosque-alcanza-los-700-socios-un-nuevo-hito-en-su-historia\/\">El Club de Golf El Bosque alcanza los 700 socios: un nuevo hito en su historia<\/a><\/h4><p>Nos complace compartir una noticia muy especial que marca un antes y un despu\u00e9s en la trayectoria de nuestro club: hemos alcanzado los 700 socios, <\/p><\/div>\t\t<\/div>\n\t\t\t\t<\/div>\n\t\t\t\t<\/div><div class=\"col span_1_of_3 info_item isotope_element\">\n\t\t\t\t\t\t\t<div class=\"post_item_block boc_anim_hidden boc_bottom-to-top \"><div class=\"pic  img_hover_effect2\"><a href=\"https:\/\/www.elbosquegolf.com\/en\/el-club-de-golf-el-bosque-celebra-50-anos-de-su-modelo-de-calidad-estrenando-campo\/\"><img decoding=\"async\" src=\"https:\/\/www.elbosquegolf.com\/wp-content\/uploads\/2025\/09\/EL-BOSQUE96-600x380.jpg\"\/><div class=\"img_overlay\"><span class=\"hover_icon icon_plus\"><\/span><\/div><\/a><\/div><div class=\"post_item_desc dark_links\"><div class=\"small_post_date_left\">\n\t\t\t\t\t\t\t\t\t\t\t\t<span class=\"small_day\">15<\/span>\n\t\t\t\t\t\t\t\t\t\t\t\t<span class=\"small_month\">Sep<\/span>\n\t\t\t\t\t\t\t\t\t\t\t<\/div><div class=\"small_post_desc_right\"><h4><a href=\"https:\/\/www.elbosquegolf.com\/en\/el-club-de-golf-el-bosque-celebra-50-anos-de-su-modelo-de-calidad-estrenando-campo\/\">El Club de Golf El Bosque celebra 50 a\u00f1os de su modelo de calidad estrenando campo<\/a><\/h4><p>El Club de Golf El Bosque ha conmemorado su 50 aniversario, este pasado fin de semana, con la celebraci\u00f3n de un torneo que ha reunido a m\u00e1s de 300 <\/p><\/div>\t\t<\/div>\n\t\t\t\t<\/div>\n\t\t\t\t<\/div><div class=\"col span_1_of_3 info_item isotope_element\">\n\t\t\t\t\t\t\t<div class=\"post_item_block boc_anim_hidden boc_bottom-to-top \"><div class=\"pic  img_hover_effect2\"><a href=\"https:\/\/www.elbosquegolf.com\/en\/50-anos-de-historia-un-torneo-de-celebracion-y-reapertura-total-del-club-de-golf-el-bosque\/\"><img decoding=\"async\" src=\"https:\/\/www.elbosquegolf.com\/wp-content\/uploads\/2025\/07\/Header-600x380.jpg\"\/><div class=\"img_overlay\"><span class=\"hover_icon icon_plus\"><\/span><\/div><\/a><\/div><div class=\"post_item_desc dark_links\"><div class=\"small_post_date_left\">\n\t\t\t\t\t\t\t\t\t\t\t\t<span class=\"small_day\">9<\/span>\n\t\t\t\t\t\t\t\t\t\t\t\t<span class=\"small_month\">Sep<\/span>\n\t\t\t\t\t\t\t\t\t\t\t<\/div><div class=\"small_post_desc_right\"><h4><a href=\"https:\/\/www.elbosquegolf.com\/en\/50-anos-de-historia-un-torneo-de-celebracion-y-reapertura-total-del-club-de-golf-el-bosque\/\">50 a\u00f1os de historia: un torneo de celebraci\u00f3n y reapertura total del Club de Golf El Bosque<\/a><\/h4><p>El a\u00f1o 2025 marca un hito muy especial en la historia del Club de Golf El Bosque: cumplimos 50 a\u00f1os. Cinco d\u00e9cadas de golf, esfuerzo colectivo, <\/p><\/div>\t\t<\/div>\n\t\t\t\t<\/div>\n\t\t\t\t<\/div><div class=\"col span_1_of_3 info_item isotope_element\">\n\t\t\t\t\t\t\t<div class=\"post_item_block boc_anim_hidden boc_bottom-to-top \"><div class=\"pic  img_hover_effect2\"><a href=\"https:\/\/www.elbosquegolf.com\/en\/el-club-de-golf-el-bosque-reabre-la-totalidad-del-campo-9-meses-despues-de-la-dana\/\"><img decoding=\"async\" src=\"https:\/\/www.elbosquegolf.com\/wp-content\/uploads\/2025\/09\/EL-BOSQUE233-600x380.jpg\"\/><div class=\"img_overlay\"><span class=\"hover_icon icon_plus\"><\/span><\/div><\/a><\/div><div class=\"post_item_desc dark_links\"><div class=\"small_post_date_left\">\n\t\t\t\t\t\t\t\t\t\t\t\t<span class=\"small_day\">24<\/span>\n\t\t\t\t\t\t\t\t\t\t\t\t<span class=\"small_month\">Jul<\/span>\n\t\t\t\t\t\t\t\t\t\t\t<\/div><div class=\"small_post_desc_right\"><h4><a href=\"https:\/\/www.elbosquegolf.com\/en\/el-club-de-golf-el-bosque-reabre-la-totalidad-del-campo-9-meses-despues-de-la-dana\/\">El Club de Golf El Bosque reabre la totalidad del campo 9 meses despu\u00e9s de la DANA<\/a><\/h4><p>Nueve meses despu\u00e9s de la devastadora DANA que arras\u00f3 buena parte de sus instalaciones, el Club de Golf El Bosque anuncia la reapertura completa de <\/p><\/div>\t\t<\/div>\n\t\t\t\t<\/div>\n\t\t\t\t<\/div><div class=\"col span_1_of_3 info_item isotope_element\">\n\t\t\t\t\t\t\t<div class=\"post_item_block boc_anim_hidden boc_bottom-to-top \"><div class=\"pic  img_hover_effect2\"><a href=\"https:\/\/www.elbosquegolf.com\/en\/convocatoria-asamblea-general-ordinaria-club-de-golf-el-bosque\/\"><img decoding=\"async\" src=\"https:\/\/www.elbosquegolf.com\/wp-content\/uploads\/2025\/09\/EL-BOSQUE233-600x380.jpg\"\/><div class=\"img_overlay\"><span class=\"hover_icon icon_plus\"><\/span><\/div><\/a><\/div><div class=\"post_item_desc dark_links\"><div class=\"small_post_date_left\">\n\t\t\t\t\t\t\t\t\t\t\t\t<span class=\"small_day\">2<\/span>\n\t\t\t\t\t\t\t\t\t\t\t\t<span class=\"small_month\">Jun<\/span>\n\t\t\t\t\t\t\t\t\t\t\t<\/div><div class=\"small_post_desc_right\"><h4><a href=\"https:\/\/www.elbosquegolf.com\/en\/convocatoria-asamblea-general-ordinaria-club-de-golf-el-bosque\/\">Convocatoria Asamblea General Ordinaria &#8211; Club de Golf El Bosque<\/a><\/h4><p>Informamos a todos los socios y socias de la sociedad deportiva CLUB DE GOLF EL BOSQUE de la convocatoria a la&nbsp; Asamblea General Ordinaria, que <\/p><\/div>\t\t<\/div>\n\t\t\t\t<\/div>\n\t\t\t\t<\/div><div class=\"col span_1_of_3 info_item isotope_element\">\n\t\t\t\t\t\t\t<div class=\"post_item_block boc_anim_hidden boc_bottom-to-top \"><div class=\"pic  img_hover_effect2\"><a href=\"https:\/\/www.elbosquegolf.com\/en\/boramedic-patrocina-el-nuevo-torneo-toptracer-del-club-de-golf-el-bosque\/\"><img decoding=\"async\" src=\"https:\/\/www.elbosquegolf.com\/wp-content\/uploads\/2025\/03\/Toptracer-EL-BOSQUE-Banner-para-blog-600x380.png\"\/><div class=\"img_overlay\"><span class=\"hover_icon icon_plus\"><\/span><\/div><\/a><\/div><div class=\"post_item_desc dark_links\"><div class=\"small_post_date_left\">\n\t\t\t\t\t\t\t\t\t\t\t\t<span class=\"small_day\">31<\/span>\n\t\t\t\t\t\t\t\t\t\t\t\t<span class=\"small_month\">Mar<\/span>\n\t\t\t\t\t\t\t\t\t\t\t<\/div><div class=\"small_post_desc_right\"><h4><a href=\"https:\/\/www.elbosquegolf.com\/en\/boramedic-patrocina-el-nuevo-torneo-toptracer-del-club-de-golf-el-bosque\/\">Boramedic patrocina el nuevo Torneo Toptracer del Club de Golf El Bosque<\/a><\/h4><p>El Club de Golf El Bosque lanza una nueva edici\u00f3n del Torneo Toptracer, esta vez con el patrocinio de Boramedic, empresa l\u00edder en asistencia <\/p><\/div>\t\t<\/div>\n\t\t\t\t<\/div>\n\t\t\t\t<\/div><div class=\"col span_1_of_3 info_item isotope_element\">\n\t\t\t\t\t\t\t<div class=\"post_item_block boc_anim_hidden boc_bottom-to-top \"><div class=\"pic  img_hover_effect2\"><a href=\"https:\/\/www.elbosquegolf.com\/en\/la-reforma-del-campo-del-club-de-golf-el-bosquepermite-reducir-su-consumo-hidrico-anual-un-26\/\"><img decoding=\"async\" src=\"https:\/\/www.elbosquegolf.com\/wp-content\/uploads\/2025\/03\/El-Bosque-Club-de-Golf-5-1-600x380.jpg\"\/><div class=\"img_overlay\"><span class=\"hover_icon icon_plus\"><\/span><\/div><\/a><\/div><div class=\"post_item_desc dark_links\"><div class=\"small_post_date_left\">\n\t\t\t\t\t\t\t\t\t\t\t\t<span class=\"small_day\">21<\/span>\n\t\t\t\t\t\t\t\t\t\t\t\t<span class=\"small_month\">Mar<\/span>\n\t\t\t\t\t\t\t\t\t\t\t<\/div><div class=\"small_post_desc_right\"><h4><a href=\"https:\/\/www.elbosquegolf.com\/en\/la-reforma-del-campo-del-club-de-golf-el-bosquepermite-reducir-su-consumo-hidrico-anual-un-26\/\">La reforma del campo del Club de Golf El Bosque permite reducir su consumo h\u00eddrico anual un 26%<\/a><\/h4><p>En el marco del D\u00eda Mundial del Agua, el Club de Golf El Bosque ha destacado los notables avances en sostenibilidad logrados tras la reforma <\/p><\/div>\t\t<\/div>\n\t\t\t\t<\/div>\n\t\t\t\t<\/div><div class=\"col span_1_of_3 info_item isotope_element\">\n\t\t\t\t\t\t\t<div class=\"post_item_block boc_anim_hidden boc_bottom-to-top \"><div class=\"pic  img_hover_effect2\"><a href=\"https:\/\/www.elbosquegolf.com\/en\/los-cinco-mejores-golfistas-de-la-historia\/\"><img decoding=\"async\" src=\"https:\/\/www.elbosquegolf.com\/wp-content\/uploads\/2025\/03\/shutterstock_2464426223.jpg\"\/><div class=\"img_overlay\"><span class=\"hover_icon icon_plus\"><\/span><\/div><\/a><\/div><div class=\"post_item_desc dark_links\"><div class=\"small_post_date_left\">\n\t\t\t\t\t\t\t\t\t\t\t\t<span class=\"small_day\">21<\/span>\n\t\t\t\t\t\t\t\t\t\t\t\t<span class=\"small_month\">Mar<\/span>\n\t\t\t\t\t\t\t\t\t\t\t<\/div><div class=\"small_post_desc_right\"><h4><a href=\"https:\/\/www.elbosquegolf.com\/en\/los-cinco-mejores-golfistas-de-la-historia\/\">Los cinco mejores golfistas de la historia<\/a><\/h4><p>El golf es un deporte de precisi\u00f3n, estrategia y resistencia mental. A lo largo de los a\u00f1os, ha habido jugadores excepcionales que han dejado una <\/p><\/div>\t\t<\/div>\n\t\t\t\t<\/div>\n\t\t\t\t<\/div>\n\t\t\t<\/div>\n\t\t\t<div class=\"h10 clear\"><\/div>[\/vc_column][\/vc_row]<\/p>\n<\/div>","protected":false},"excerpt":{"rendered":"<p>[vc_row full_width=&#8221;stretch_row&#8221; parallax_content=&#8221;off&#8221; fadeout_row=&#8221;off&#8221; enable_overlay=&#8221;enable_overlay_value&#8221; overlay_color=&#8221;rgba(12,13,13,0.6)&#8221; overlay_pattern=&#8221;transperant&#8221; overlay_pattern_opacity=&#8221;0&#8243; seperator_enable=&#8221;seperator_enable_value&#8221; seperator_type=&#8221;triangle_svg_seperator&#8221; seperator_position=&#8221;bottom_seperator&#8221; seperator_svg_height=&#8221;10&#8243; seperator_shape_background=&#8221;#ffffff&#8221; css=&#8221;.vc_custom_1723032147669{margin-bottom: 0px !important;padding-top: 160px !important;padding-bottom: 140px !important;background-color: #83132b !important;}&#8221;][vc_column][\/vc_column][\/vc_row][vc_row bg_type=&#8221;bg_color&#8221; seperator_enable=&#8221;off&#8221;][vc_column][\/vc_column][\/vc_row]<\/p>\n","protected":false},"author":7,"featured_media":0,"parent":0,"menu_order":0,"comment_status":"closed","ping_status":"closed","template":"","meta":{"footnotes":""},"class_list":["post-24182","page","type-page","status-publish","hentry"],"aioseo_notices":[],"_links":{"self":[{"href":"https:\/\/www.elbosquegolf.com\/en\/wp-json\/wp\/v2\/pages\/24182","targetHints":{"allow":["GET"]}}],"collection":[{"href":"https:\/\/www.elbosquegolf.com\/en\/wp-json\/wp\/v2\/pages"}],"about":[{"href":"https:\/\/www.elbosquegolf.com\/en\/wp-json\/wp\/v2\/types\/page"}],"author":[{"embeddable":true,"href":"https:\/\/www.elbosquegolf.com\/en\/wp-json\/wp\/v2\/users\/7"}],"replies":[{"embeddable":true,"href":"https:\/\/www.elbosquegolf.com\/en\/wp-json\/wp\/v2\/comments?post=24182"}],"version-history":[{"count":5,"href":"https:\/\/www.elbosquegolf.com\/en\/wp-json\/wp\/v2\/pages\/24182\/revisions"}],"predecessor-version":[{"id":27670,"href":"https:\/\/www.elbosquegolf.com\/en\/wp-json\/wp\/v2\/pages\/24182\/revisions\/27670"}],"wp:attachment":[{"href":"https:\/\/www.elbosquegolf.com\/en\/wp-json\/wp\/v2\/media?parent=24182"}],"curies":[{"name":"wp","href":"https:\/\/api.w.org\/{rel}","templated":true}]}}